{"id":3,"date":"2024-08-08T21:27:24","date_gmt":"2024-08-08T19:27:24","guid":{"rendered":"http:\/\/tobelem.fr\/?page_id=3"},"modified":"2024-08-26T16:12:02","modified_gmt":"2024-08-26T14:12:02","slug":"politique-de-confidentialite","status":"publish","type":"page","link":"https:\/\/tobelem.fr\/index.php\/politique-de-confidentialite\/","title":{"rendered":"Politique de confidentialit\u00e9"},"content":{"rendered":"\n<h2 class=\"wp-block-heading\"><strong>Qui sommes-nous ?<\/strong><br>L\u2019adresse de notre site est : <a href=\"http:\/\/tobelem.fr\">http:\/\/www.tobelem.fr<\/a>.<\/h2>\n\n\n\n<p><strong>Collecte des donn\u00e9es personnelles<\/strong><br>Lorsque vous laissez un commentaire sur notre site, nous collectons les donn\u00e9es inscrites dans le formulaire de commentaire, ainsi que votre adresse IP et l\u2019agent utilisateur de votre navigateur, pour nous aider \u00e0 la d\u00e9tection des commentaires ind\u00e9sirables. Une cha\u00eene anonymis\u00e9e cr\u00e9\u00e9e \u00e0 partir de votre adresse e-mail (\u00e9galement appel\u00e9e hash) peut \u00eatre envoy\u00e9e au service Gravatar pour v\u00e9rifier si vous l\u2019utilisez. Les clauses de confidentialit\u00e9 du service Gravatar sont disponibles ici : <a href=\"https:\/\/automattic.com\/privacy\/\">https:\/\/automattic.com\/privacy\/<\/a>. Apr\u00e8s validation de votre commentaire, votre photo de profil sera visible publiquement \u00e0 c\u00f4t\u00e9 de votre commentaire.<\/p>\n\n\n\n<p><strong>M\u00e9dias<\/strong><br>Si vous t\u00e9l\u00e9versez des images sur le site, nous vous conseillons d\u2019\u00e9viter de t\u00e9l\u00e9verser des images contenant des donn\u00e9es EXIF de coordonn\u00e9es GPS. Les visiteurs de votre site peuvent t\u00e9l\u00e9charger et extraire des donn\u00e9es de localisation depuis ces images.<\/p>\n\n\n\n<p><strong>Cookies<\/strong><br>Lorsque vous laissez un commentaire sur notre site, il vous est propos\u00e9 d\u2019enregistrer votre nom, adresse e-mail et site dans des cookies. Ces cookies expirent au bout d\u2019un an. Si vous vous connectez, nous mettons en place plusieurs cookies pour enregistrer vos informations de connexion et vos pr\u00e9f\u00e9rences d\u2019\u00e9cran. La dur\u00e9e de vie d\u2019un cookie de connexion est de deux jours, celle d\u2019un cookie d\u2019option d\u2019\u00e9cran est d\u2019un an.<\/p>\n\n\n\n<p><strong>Contenu embarqu\u00e9 depuis d\u2019autres sites<\/strong><br>Les articles de ce site peuvent inclure des contenus int\u00e9gr\u00e9s (par exemple des vid\u00e9os, images, articles, etc.). Le contenu int\u00e9gr\u00e9 depuis d\u2019autres sites se comporte de la m\u00eame mani\u00e8re que si le visiteur se rendait sur cet autre site. Ces sites web peuvent collecter des donn\u00e9es sur vous, utiliser des cookies, embarquer des outils de suivi tiers, et suivre vos interactions avec ces contenus si vous disposez d\u2019un compte connect\u00e9 sur leur site web.<\/p>\n\n\n\n<p><strong>Utilisation et transmission de vos donn\u00e9es personnelles<\/strong><br>Si vous demandez une r\u00e9initialisation de votre mot de passe, votre adresse IP sera incluse dans l\u2019e-mail de r\u00e9initialisation. Les commentaires des visiteurs peuvent \u00eatre v\u00e9rifi\u00e9s \u00e0 l\u2019aide d\u2019un service automatis\u00e9 de d\u00e9tection des commentaires ind\u00e9sirables.<\/p>\n\n\n\n<p><strong>Dur\u00e9e de stockage de vos donn\u00e9es<\/strong><br>Si vous laissez un commentaire, le commentaire et ses m\u00e9tadonn\u00e9es sont conserv\u00e9s ind\u00e9finiment pour permettre de reconna\u00eetre et approuver automatiquement les commentaires suivants. Pour les comptes inscrits sur notre site, nous stockons \u00e9galement les donn\u00e9es personnelles indiqu\u00e9es dans leur profil.<\/p>\n\n\n\n<p><strong>Vos droits concernant vos donn\u00e9es<\/strong><br>Si vous avez un compte ou si vous avez laiss\u00e9 des commentaires sur le site, vous pouvez demander \u00e0 recevoir un fichier contenant toutes les donn\u00e9es personnelles que nous poss\u00e9dons \u00e0 votre sujet, incluant celles que vous nous avez fournies. Vous pouvez \u00e9galement demander la suppression des donn\u00e9es personnelles vous concernant, sauf pour celles que nous devons conserver \u00e0 des fins administratives, l\u00e9gales ou pour des raisons de s\u00e9curit\u00e9.<\/p>\n\n\n\n<p><strong>Partage des donn\u00e9es<\/strong><br>Vos donn\u00e9es personnelles peuvent \u00eatre partag\u00e9es avec des tiers pour la gestion des services du site (h\u00e9bergement, s\u00e9curit\u00e9, etc.), mais uniquement dans le cadre des n\u00e9cessit\u00e9s de ces services.<\/p>\n\n\n\n<p><strong>S\u00e9curit\u00e9 des donn\u00e9es<\/strong><br>Nous mettons en \u0153uvre des mesures de s\u00e9curit\u00e9 techniques et organisationnelles pour prot\u00e9ger vos donn\u00e9es personnelles contre tout acc\u00e8s non autoris\u00e9, modification, divulgation ou destruction.<\/p>\n\n\n\n<p><strong>Transferts internationaux de donn\u00e9es<\/strong><br>Si nous transf\u00e9rons vos donn\u00e9es personnelles en dehors de l\u2019Union europ\u00e9enne, nous veillons \u00e0 ce que des garanties ad\u00e9quates soient en place, conform\u00e9ment aux lois applicables.<\/p>\n\n\n\n<p><strong>Modifications de la politique de confidentialit\u00e9<\/strong><br>Nous nous r\u00e9servons le droit de modifier cette politique de confidentialit\u00e9 \u00e0 tout moment. Les modifications prendront effet imm\u00e9diatement apr\u00e8s leur publication sur cette page. Nous vous encourageons \u00e0 consulter r\u00e9guli\u00e8rement cette page pour \u00eatre inform\u00e9 des changements \u00e9ventuels.<\/p>\n\n\n\n<p><strong>Contact<\/strong><br>Pour toute question concernant cette politique de confidentialit\u00e9 ou pour exercer vos droits, vous pouvez nous contacter \u00e0 l\u2019adresse suivante : <a href=\"mailto:daniel@tobelem.fr\">daniel@tobelem.fr<\/a>.<\/p>\n\n\n\n<div style=\"height:50px\" aria-hidden=\"true\" class=\"wp-block-spacer\"><\/div>\n","protected":false},"excerpt":{"rendered":"<p>Qui sommes-nous ?L\u2019adresse de notre site est : http:\/\/www.tobelem.fr. Collecte des donn\u00e9es personnellesLorsque vous laissez un commentaire sur notre site, nous collectons les donn\u00e9es inscrites dans le formulaire de commentaire, ainsi que votre adresse IP et l\u2019agent utilisateur de votre navigateur, pour nous aider \u00e0 la d\u00e9tection des commentaires ind\u00e9sirables. Une cha\u00eene anonymis\u00e9e cr\u00e9\u00e9e \u00e0&hellip;&nbsp;<a href=\"https:\/\/tobelem.fr\/index.php\/politique-de-confidentialite\/\" class=\"\" rel=\"bookmark\">Lire la suite &raquo;<span class=\"screen-reader-text\">Politique de confidentialit\u00e9<\/span><\/a><\/p>\n","protected":false},"author":1,"featured_media":0,"parent":0,"menu_order":0,"comment_status":"closed","ping_status":"open","template":"","meta":{"neve_meta_sidebar":"","neve_meta_container":"","neve_meta_enable_content_width":"","neve_meta_content_width":0,"neve_meta_title_alignment":"","neve_meta_author_avatar":"","neve_post_elements_order":"","neve_meta_disable_header":"","neve_meta_disable_footer":"","neve_meta_disable_title":"","_themeisle_gutenberg_block_has_review":false,"_ti_tpc_template_sync":false,"_ti_tpc_template_id":"","footnotes":""},"class_list":["post-3","page","type-page","status-publish","hentry"],"yoast_head":"<!-- This site is optimized with the Yoast SEO plugin v23.7 - https:\/\/yoast.com\/wordpress\/plugins\/seo\/ -->\n<title>Politique de confidentialit\u00e9 - Daniel Tobelem<\/title>\n<meta name=\"description\" content=\"D\u00e9couvrez notre politique de confidentialit\u00e9, d\u00e9taillant la collecte, l&#039;utilisation et la protection de vos donn\u00e9es personnelles sur notre site d\u00e9di\u00e9 \u00e0 la gestion de patrimoine. Votre confidentialit\u00e9 est notre priorit\u00e9.\" \/>\n<meta name=\"robots\" content=\"index, follow, max-snippet:-1, max-image-preview:large, max-video-preview:-1\" \/>\n<link rel=\"canonical\" href=\"https:\/\/tobelem.fr\/index.php\/politique-de-confidentialite\/\" \/>\n<meta property=\"og:locale\" content=\"fr_FR\" \/>\n<meta property=\"og:type\" content=\"article\" \/>\n<meta property=\"og:title\" content=\"Politique de confidentialit\u00e9 - Daniel Tobelem\" \/>\n<meta property=\"og:description\" content=\"D\u00e9couvrez notre politique de confidentialit\u00e9, d\u00e9taillant la collecte, l&#039;utilisation et la protection de vos donn\u00e9es personnelles sur notre site d\u00e9di\u00e9 \u00e0 la gestion de patrimoine. Votre confidentialit\u00e9 est notre priorit\u00e9.\" \/>\n<meta property=\"og:url\" content=\"https:\/\/tobelem.fr\/index.php\/politique-de-confidentialite\/\" \/>\n<meta property=\"og:site_name\" content=\"Daniel Tobelem\" \/>\n<meta property=\"article:modified_time\" content=\"2024-08-26T14:12:02+00:00\" \/>\n<meta name=\"twitter:card\" content=\"summary_large_image\" \/>\n<meta name=\"twitter:label1\" content=\"Dur\u00e9e de lecture estim\u00e9e\" \/>\n\t<meta name=\"twitter:data1\" content=\"4 minutes\" \/>\n<script type=\"application\/ld+json\" class=\"yoast-schema-graph\">{\"@context\":\"https:\/\/schema.org\",\"@graph\":[{\"@type\":\"WebPage\",\"@id\":\"https:\/\/tobelem.fr\/index.php\/politique-de-confidentialite\/\",\"url\":\"https:\/\/tobelem.fr\/index.php\/politique-de-confidentialite\/\",\"name\":\"Politique de confidentialit\u00e9 - Daniel Tobelem\",\"isPartOf\":{\"@id\":\"https:\/\/tobelem.fr\/#website\"},\"datePublished\":\"2024-08-08T19:27:24+00:00\",\"dateModified\":\"2024-08-26T14:12:02+00:00\",\"description\":\"D\u00e9couvrez notre politique de confidentialit\u00e9, d\u00e9taillant la collecte, l'utilisation et la protection de vos donn\u00e9es personnelles sur notre site d\u00e9di\u00e9 \u00e0 la gestion de patrimoine. Votre confidentialit\u00e9 est notre priorit\u00e9.\",\"breadcrumb\":{\"@id\":\"https:\/\/tobelem.fr\/index.php\/politique-de-confidentialite\/#breadcrumb\"},\"inLanguage\":\"fr-FR\",\"potentialAction\":[{\"@type\":\"ReadAction\",\"target\":[\"https:\/\/tobelem.fr\/index.php\/politique-de-confidentialite\/\"]}]},{\"@type\":\"BreadcrumbList\",\"@id\":\"https:\/\/tobelem.fr\/index.php\/politique-de-confidentialite\/#breadcrumb\",\"itemListElement\":[{\"@type\":\"ListItem\",\"position\":1,\"name\":\"Accueil\",\"item\":\"https:\/\/tobelem.fr\/\"},{\"@type\":\"ListItem\",\"position\":2,\"name\":\"Politique de confidentialit\u00e9\"}]},{\"@type\":\"WebSite\",\"@id\":\"https:\/\/tobelem.fr\/#website\",\"url\":\"https:\/\/tobelem.fr\/\",\"name\":\"Daniel Tobelem\",\"description\":\"Immobilier, placements, imp\u00f4ts, retraite\",\"publisher\":{\"@id\":\"https:\/\/tobelem.fr\/#\/schema\/person\/ffb13f3612cd1a89402342d4a75f265d\"},\"potentialAction\":[{\"@type\":\"SearchAction\",\"target\":{\"@type\":\"EntryPoint\",\"urlTemplate\":\"https:\/\/tobelem.fr\/?s={search_term_string}\"},\"query-input\":{\"@type\":\"PropertyValueSpecification\",\"valueRequired\":true,\"valueName\":\"search_term_string\"}}],\"inLanguage\":\"fr-FR\"},{\"@type\":[\"Person\",\"Organization\"],\"@id\":\"https:\/\/tobelem.fr\/#\/schema\/person\/ffb13f3612cd1a89402342d4a75f265d\",\"name\":\"wp_daniel_tobelem\",\"image\":{\"@type\":\"ImageObject\",\"inLanguage\":\"fr-FR\",\"@id\":\"https:\/\/tobelem.fr\/#\/schema\/person\/image\/\",\"url\":\"https:\/\/tobelem.fr\/wp-content\/uploads\/2024\/09\/cropped-Logo-ok-noir.png\",\"contentUrl\":\"https:\/\/tobelem.fr\/wp-content\/uploads\/2024\/09\/cropped-Logo-ok-noir.png\",\"width\":200,\"height\":50,\"caption\":\"wp_daniel_tobelem\"},\"logo\":{\"@id\":\"https:\/\/tobelem.fr\/#\/schema\/person\/image\/\"},\"sameAs\":[\"http:\/\/tobelem.fr\"]}]}<\/script>\n<!-- \/ Yoast SEO plugin. -->","yoast_head_json":{"title":"Politique de confidentialit\u00e9 - Daniel Tobelem","description":"D\u00e9couvrez notre politique de confidentialit\u00e9, d\u00e9taillant la collecte, l'utilisation et la protection de vos donn\u00e9es personnelles sur notre site d\u00e9di\u00e9 \u00e0 la gestion de patrimoine. Votre confidentialit\u00e9 est notre priorit\u00e9.","robots":{"index":"index","follow":"follow","max-snippet":"max-snippet:-1","max-image-preview":"max-image-preview:large","max-video-preview":"max-video-preview:-1"},"canonical":"https:\/\/tobelem.fr\/index.php\/politique-de-confidentialite\/","og_locale":"fr_FR","og_type":"article","og_title":"Politique de confidentialit\u00e9 - Daniel Tobelem","og_description":"D\u00e9couvrez notre politique de confidentialit\u00e9, d\u00e9taillant la collecte, l'utilisation et la protection de vos donn\u00e9es personnelles sur notre site d\u00e9di\u00e9 \u00e0 la gestion de patrimoine. Votre confidentialit\u00e9 est notre priorit\u00e9.","og_url":"https:\/\/tobelem.fr\/index.php\/politique-de-confidentialite\/","og_site_name":"Daniel Tobelem","article_modified_time":"2024-08-26T14:12:02+00:00","twitter_card":"summary_large_image","twitter_misc":{"Dur\u00e9e de lecture estim\u00e9e":"4 minutes"},"schema":{"@context":"https:\/\/schema.org","@graph":[{"@type":"WebPage","@id":"https:\/\/tobelem.fr\/index.php\/politique-de-confidentialite\/","url":"https:\/\/tobelem.fr\/index.php\/politique-de-confidentialite\/","name":"Politique de confidentialit\u00e9 - Daniel Tobelem","isPartOf":{"@id":"https:\/\/tobelem.fr\/#website"},"datePublished":"2024-08-08T19:27:24+00:00","dateModified":"2024-08-26T14:12:02+00:00","description":"D\u00e9couvrez notre politique de confidentialit\u00e9, d\u00e9taillant la collecte, l'utilisation et la protection de vos donn\u00e9es personnelles sur notre site d\u00e9di\u00e9 \u00e0 la gestion de patrimoine. Votre confidentialit\u00e9 est notre priorit\u00e9.","breadcrumb":{"@id":"https:\/\/tobelem.fr\/index.php\/politique-de-confidentialite\/#breadcrumb"},"inLanguage":"fr-FR","potentialAction":[{"@type":"ReadAction","target":["https:\/\/tobelem.fr\/index.php\/politique-de-confidentialite\/"]}]},{"@type":"BreadcrumbList","@id":"https:\/\/tobelem.fr\/index.php\/politique-de-confidentialite\/#breadcrumb","itemListElement":[{"@type":"ListItem","position":1,"name":"Accueil","item":"https:\/\/tobelem.fr\/"},{"@type":"ListItem","position":2,"name":"Politique de confidentialit\u00e9"}]},{"@type":"WebSite","@id":"https:\/\/tobelem.fr\/#website","url":"https:\/\/tobelem.fr\/","name":"Daniel Tobelem","description":"Immobilier, placements, imp\u00f4ts, retraite","publisher":{"@id":"https:\/\/tobelem.fr\/#\/schema\/person\/ffb13f3612cd1a89402342d4a75f265d"},"potentialAction":[{"@type":"SearchAction","target":{"@type":"EntryPoint","urlTemplate":"https:\/\/tobelem.fr\/?s={search_term_string}"},"query-input":{"@type":"PropertyValueSpecification","valueRequired":true,"valueName":"search_term_string"}}],"inLanguage":"fr-FR"},{"@type":["Person","Organization"],"@id":"https:\/\/tobelem.fr\/#\/schema\/person\/ffb13f3612cd1a89402342d4a75f265d","name":"wp_daniel_tobelem","image":{"@type":"ImageObject","inLanguage":"fr-FR","@id":"https:\/\/tobelem.fr\/#\/schema\/person\/image\/","url":"https:\/\/tobelem.fr\/wp-content\/uploads\/2024\/09\/cropped-Logo-ok-noir.png","contentUrl":"https:\/\/tobelem.fr\/wp-content\/uploads\/2024\/09\/cropped-Logo-ok-noir.png","width":200,"height":50,"caption":"wp_daniel_tobelem"},"logo":{"@id":"https:\/\/tobelem.fr\/#\/schema\/person\/image\/"},"sameAs":["http:\/\/tobelem.fr"]}]}},"jetpack_sharing_enabled":true,"_links":{"self":[{"href":"https:\/\/tobelem.fr\/index.php\/wp-json\/wp\/v2\/pages\/3","targetHints":{"allow":["GET"]}}],"collection":[{"href":"https:\/\/tobelem.fr\/index.php\/wp-json\/wp\/v2\/pages"}],"about":[{"href":"https:\/\/tobelem.fr\/index.php\/wp-json\/wp\/v2\/types\/page"}],"author":[{"embeddable":true,"href":"https:\/\/tobelem.fr\/index.php\/wp-json\/wp\/v2\/users\/1"}],"replies":[{"embeddable":true,"href":"https:\/\/tobelem.fr\/index.php\/wp-json\/wp\/v2\/comments?post=3"}],"version-history":[{"count":3,"href":"https:\/\/tobelem.fr\/index.php\/wp-json\/wp\/v2\/pages\/3\/revisions"}],"predecessor-version":[{"id":1265,"href":"https:\/\/tobelem.fr\/index.php\/wp-json\/wp\/v2\/pages\/3\/revisions\/1265"}],"wp:attachment":[{"href":"https:\/\/tobelem.fr\/index.php\/wp-json\/wp\/v2\/media?parent=3"}],"curies":[{"name":"wp","href":"https:\/\/api.w.org\/{rel}","templated":true}]}}