{"id":1195,"date":"2024-08-21T18:49:15","date_gmt":"2024-08-21T16:49:15","guid":{"rendered":"http:\/\/tobelem.fr\/?page_id=1195"},"modified":"2024-08-26T14:43:03","modified_gmt":"2024-08-26T12:43:03","slug":"nous-rejoindre","status":"publish","type":"page","link":"https:\/\/tobelem.fr\/index.php\/nous-rejoindre\/","title":{"rendered":"Nous rejoindre"},"content":{"rendered":"\n<div style=\"height:100px\" aria-hidden=\"true\" class=\"wp-block-spacer\"><\/div>\n\n\n\n<h2 class=\"wp-block-heading\">Rejoignez-nous !<\/h2>\n\n\n\n<p>Apr\u00e8s plus de 20 ans de carri\u00e8re dans diverses entreprises, j&rsquo;ai fait le choix audacieux de devenir ind\u00e9pendant. Ma passion est d&rsquo;accompagner les familles dans la gestion financi\u00e8re et patrimoniale pour leur permettre d&rsquo;atteindre leurs objectifs de vie.<\/p>\n\n\n\n<p>En France, 33 millions d\u2019\u00e9pargnants existent, mais seulement 1 million b\u00e9n\u00e9ficie de conseils \u00e0 forte valeur ajout\u00e9e. Cela signifie que 32 millions de personnes sont mal accompagn\u00e9es dans la gestion de leur patrimoine, r\u00e9v\u00e9lant ainsi un march\u00e9 consid\u00e9rable. J&rsquo;ai moi-m\u00eame constat\u00e9 cette opportunit\u00e9 au fil de ma carri\u00e8re, avec une activit\u00e9 en constante expansion.<\/p>\n\n\n\n<div style=\"height:50px\" aria-hidden=\"true\" class=\"wp-block-spacer\"><\/div>\n\n\n\n<div class=\"wp-block-columns is-layout-flex wp-container-core-columns-is-layout-9d6595d7 wp-block-columns-is-layout-flex\">\n<div class=\"wp-block-column is-layout-flow wp-block-column-is-layout-flow\">\n<figure class=\"wp-block-image size-large has-custom-border\"><img loading=\"lazy\" decoding=\"async\" width=\"1024\" height=\"1024\" src=\"http:\/\/tobelem.fr\/wp-content\/uploads\/2024\/08\/AdobeStock_695718789-1024x1024.jpeg\" alt=\"Rejoignez-nous !\" class=\"wp-image-1179\" style=\"border-radius:16px\" srcset=\"https:\/\/tobelem.fr\/wp-content\/uploads\/2024\/08\/AdobeStock_695718789-1024x1024.jpeg 1024w, https:\/\/tobelem.fr\/wp-content\/uploads\/2024\/08\/AdobeStock_695718789-300x300.jpeg 300w, https:\/\/tobelem.fr\/wp-content\/uploads\/2024\/08\/AdobeStock_695718789-150x150.jpeg 150w, https:\/\/tobelem.fr\/wp-content\/uploads\/2024\/08\/AdobeStock_695718789-768x768.jpeg 768w, https:\/\/tobelem.fr\/wp-content\/uploads\/2024\/08\/AdobeStock_695718789-1536x1536.jpeg 1536w, https:\/\/tobelem.fr\/wp-content\/uploads\/2024\/08\/AdobeStock_695718789-2048x2048.jpeg 2048w\" sizes=\"auto, (max-width: 1024px) 100vw, 1024px\" \/><\/figure>\n<\/div>\n\n\n\n<div class=\"wp-block-column is-vertically-aligned-center is-layout-flow wp-block-column-is-layout-flow\" style=\"border-style:none;border-width:0px;padding-right:var(--wp--preset--spacing--40);padding-left:var(--wp--preset--spacing--40)\">\n<p><strong>Rejoindre notre r\u00e9seau, c&rsquo;est :<\/strong><\/p>\n\n\n\n<ul class=\"wp-block-list\">\n<li class=\"ticss-f2768c46\"><strong>Des revenus additionnels<\/strong><\/li>\n\n\n\n<li><strong>Un travail valoris\u00e9<\/strong><\/li>\n\n\n\n<li><strong>L&rsquo;ind\u00e9pendance vis-\u00e0-vis d&rsquo;une hi\u00e9rarchie<\/strong><\/li>\n\n\n\n<li><strong>Un \u00e9quilibre vie pro\/perso<\/strong><\/li>\n\n\n\n<li><strong>La ma\u00eetrise de votre destin<\/strong><\/li>\n\n\n\n<li><strong>Du sens dans votre travail<\/strong><\/li>\n\n\n\n<li><strong>L&rsquo;autonomie financi\u00e8re<\/strong><\/li>\n<\/ul>\n\n\n\n<p>Si vous \u00eates motiv\u00e9 \u00e0 rejoindre cette aventure, <br>je vous accompagnerai \u00e0 chaque \u00e9tape, <br>depuis vos d\u00e9buts jusqu&rsquo;\u00e0 votre pleine autonomie.<\/p>\n\n\n\n<div class=\"wp-block-buttons is-content-justification-left is-layout-flex wp-container-core-buttons-is-layout-fdcfc74e wp-block-buttons-is-layout-flex\">\n<div class=\"wp-block-button is-style-primary\"><a class=\"wp-block-button__link wp-element-button\" href=\"http:\/\/tobelem.fr\/index.php\/contact\/\">Contactez-moi !<\/a><\/div>\n<\/div>\n<\/div>\n<\/div>\n\n\n\n<div style=\"height:100px\" aria-hidden=\"true\" class=\"wp-block-spacer\"><\/div>\n","protected":false},"excerpt":{"rendered":"<p>Rejoignez-nous ! Apr\u00e8s plus de 20 ans de carri\u00e8re dans diverses entreprises, j&rsquo;ai fait le choix audacieux de devenir ind\u00e9pendant. Ma passion est d&rsquo;accompagner les familles dans la gestion financi\u00e8re et patrimoniale pour leur permettre d&rsquo;atteindre leurs objectifs de vie. En France, 33 millions d\u2019\u00e9pargnants existent, mais seulement 1 million b\u00e9n\u00e9ficie de conseils \u00e0 forte&hellip;&nbsp;<a href=\"https:\/\/tobelem.fr\/index.php\/nous-rejoindre\/\" class=\"\" rel=\"bookmark\">Lire la suite &raquo;<span class=\"screen-reader-text\">Nous rejoindre<\/span><\/a><\/p>\n","protected":false},"author":1,"featured_media":0,"parent":0,"menu_order":0,"comment_status":"closed","ping_status":"closed","template":"","meta":{"neve_meta_sidebar":"","neve_meta_container":"","neve_meta_enable_content_width":"","neve_meta_content_width":0,"neve_meta_title_alignment":"","neve_meta_author_avatar":"","neve_post_elements_order":"","neve_meta_disable_header":"off","neve_meta_disable_footer":"","neve_meta_disable_title":"on","_themeisle_gutenberg_block_has_review":false,"_ti_tpc_template_sync":false,"_ti_tpc_template_id":"","footnotes":""},"class_list":["post-1195","page","type-page","status-publish","hentry"],"yoast_head":"<!-- This site is optimized with the Yoast SEO plugin v23.7 - https:\/\/yoast.com\/wordpress\/plugins\/seo\/ -->\n<title>Nous rejoindre - Daniel Tobelem<\/title>\n<meta name=\"description\" content=\"Rejoignez notre \u00e9quipe de professionnels ind\u00e9pendants en gestion de patrimoine. D\u00e9couvrez une carri\u00e8re riche en relations humaines et d\u00e9veloppez votre ind\u00e9pendance financi\u00e8re en aidant les familles \u00e0 atteindre leurs objectifs de vie\" \/>\n<meta name=\"robots\" content=\"index, follow, max-snippet:-1, max-image-preview:large, max-video-preview:-1\" \/>\n<link rel=\"canonical\" href=\"https:\/\/tobelem.fr\/index.php\/nous-rejoindre\/\" \/>\n<meta property=\"og:locale\" content=\"fr_FR\" \/>\n<meta property=\"og:type\" content=\"article\" \/>\n<meta property=\"og:title\" content=\"Nous rejoindre - Daniel Tobelem\" \/>\n<meta property=\"og:description\" content=\"Rejoignez notre \u00e9quipe de professionnels ind\u00e9pendants en gestion de patrimoine. D\u00e9couvrez une carri\u00e8re riche en relations humaines et d\u00e9veloppez votre ind\u00e9pendance financi\u00e8re en aidant les familles \u00e0 atteindre leurs objectifs de vie\" \/>\n<meta property=\"og:url\" content=\"https:\/\/tobelem.fr\/index.php\/nous-rejoindre\/\" \/>\n<meta property=\"og:site_name\" content=\"Daniel Tobelem\" \/>\n<meta property=\"article:modified_time\" content=\"2024-08-26T12:43:03+00:00\" \/>\n<meta property=\"og:image\" content=\"http:\/\/tobelem.fr\/wp-content\/uploads\/2024\/08\/AdobeStock_695718789-1024x1024.jpeg\" \/>\n<meta name=\"twitter:card\" content=\"summary_large_image\" \/>\n<meta name=\"twitter:label1\" content=\"Dur\u00e9e de lecture estim\u00e9e\" \/>\n\t<meta name=\"twitter:data1\" content=\"1 minute\" \/>\n<script type=\"application\/ld+json\" class=\"yoast-schema-graph\">{\"@context\":\"https:\/\/schema.org\",\"@graph\":[{\"@type\":\"WebPage\",\"@id\":\"https:\/\/tobelem.fr\/index.php\/nous-rejoindre\/\",\"url\":\"https:\/\/tobelem.fr\/index.php\/nous-rejoindre\/\",\"name\":\"Nous rejoindre - Daniel Tobelem\",\"isPartOf\":{\"@id\":\"https:\/\/tobelem.fr\/#website\"},\"primaryImageOfPage\":{\"@id\":\"https:\/\/tobelem.fr\/index.php\/nous-rejoindre\/#primaryimage\"},\"image\":{\"@id\":\"https:\/\/tobelem.fr\/index.php\/nous-rejoindre\/#primaryimage\"},\"thumbnailUrl\":\"http:\/\/tobelem.fr\/wp-content\/uploads\/2024\/08\/AdobeStock_695718789-1024x1024.jpeg\",\"datePublished\":\"2024-08-21T16:49:15+00:00\",\"dateModified\":\"2024-08-26T12:43:03+00:00\",\"description\":\"Rejoignez notre \u00e9quipe de professionnels ind\u00e9pendants en gestion de patrimoine. D\u00e9couvrez une carri\u00e8re riche en relations humaines et d\u00e9veloppez votre ind\u00e9pendance financi\u00e8re en aidant les familles \u00e0 atteindre leurs objectifs de vie\",\"breadcrumb\":{\"@id\":\"https:\/\/tobelem.fr\/index.php\/nous-rejoindre\/#breadcrumb\"},\"inLanguage\":\"fr-FR\",\"potentialAction\":[{\"@type\":\"ReadAction\",\"target\":[\"https:\/\/tobelem.fr\/index.php\/nous-rejoindre\/\"]}]},{\"@type\":\"ImageObject\",\"inLanguage\":\"fr-FR\",\"@id\":\"https:\/\/tobelem.fr\/index.php\/nous-rejoindre\/#primaryimage\",\"url\":\"https:\/\/tobelem.fr\/wp-content\/uploads\/2024\/08\/AdobeStock_695718789-scaled.jpeg\",\"contentUrl\":\"https:\/\/tobelem.fr\/wp-content\/uploads\/2024\/08\/AdobeStock_695718789-scaled.jpeg\",\"width\":2560,\"height\":2560,\"caption\":\"multiethnic business teamwork putting join hands together. Unity and teamwork show by Stack mix of hands with Spirit diversity solidarity team Partner. Joins hands together teamwork meetings empower.\"},{\"@type\":\"BreadcrumbList\",\"@id\":\"https:\/\/tobelem.fr\/index.php\/nous-rejoindre\/#breadcrumb\",\"itemListElement\":[{\"@type\":\"ListItem\",\"position\":1,\"name\":\"Accueil\",\"item\":\"https:\/\/tobelem.fr\/\"},{\"@type\":\"ListItem\",\"position\":2,\"name\":\"Nous rejoindre\"}]},{\"@type\":\"WebSite\",\"@id\":\"https:\/\/tobelem.fr\/#website\",\"url\":\"https:\/\/tobelem.fr\/\",\"name\":\"Daniel Tobelem\",\"description\":\"Immobilier, placements, imp\u00f4ts, retraite\",\"publisher\":{\"@id\":\"https:\/\/tobelem.fr\/#\/schema\/person\/ffb13f3612cd1a89402342d4a75f265d\"},\"potentialAction\":[{\"@type\":\"SearchAction\",\"target\":{\"@type\":\"EntryPoint\",\"urlTemplate\":\"https:\/\/tobelem.fr\/?s={search_term_string}\"},\"query-input\":{\"@type\":\"PropertyValueSpecification\",\"valueRequired\":true,\"valueName\":\"search_term_string\"}}],\"inLanguage\":\"fr-FR\"},{\"@type\":[\"Person\",\"Organization\"],\"@id\":\"https:\/\/tobelem.fr\/#\/schema\/person\/ffb13f3612cd1a89402342d4a75f265d\",\"name\":\"wp_daniel_tobelem\",\"image\":{\"@type\":\"ImageObject\",\"inLanguage\":\"fr-FR\",\"@id\":\"https:\/\/tobelem.fr\/#\/schema\/person\/image\/\",\"url\":\"https:\/\/tobelem.fr\/wp-content\/uploads\/2024\/09\/cropped-Logo-ok-noir.png\",\"contentUrl\":\"https:\/\/tobelem.fr\/wp-content\/uploads\/2024\/09\/cropped-Logo-ok-noir.png\",\"width\":200,\"height\":50,\"caption\":\"wp_daniel_tobelem\"},\"logo\":{\"@id\":\"https:\/\/tobelem.fr\/#\/schema\/person\/image\/\"},\"sameAs\":[\"http:\/\/tobelem.fr\"]}]}<\/script>\n<!-- \/ Yoast SEO plugin. -->","yoast_head_json":{"title":"Nous rejoindre - Daniel Tobelem","description":"Rejoignez notre \u00e9quipe de professionnels ind\u00e9pendants en gestion de patrimoine. D\u00e9couvrez une carri\u00e8re riche en relations humaines et d\u00e9veloppez votre ind\u00e9pendance financi\u00e8re en aidant les familles \u00e0 atteindre leurs objectifs de vie","robots":{"index":"index","follow":"follow","max-snippet":"max-snippet:-1","max-image-preview":"max-image-preview:large","max-video-preview":"max-video-preview:-1"},"canonical":"https:\/\/tobelem.fr\/index.php\/nous-rejoindre\/","og_locale":"fr_FR","og_type":"article","og_title":"Nous rejoindre - Daniel Tobelem","og_description":"Rejoignez notre \u00e9quipe de professionnels ind\u00e9pendants en gestion de patrimoine. D\u00e9couvrez une carri\u00e8re riche en relations humaines et d\u00e9veloppez votre ind\u00e9pendance financi\u00e8re en aidant les familles \u00e0 atteindre leurs objectifs de vie","og_url":"https:\/\/tobelem.fr\/index.php\/nous-rejoindre\/","og_site_name":"Daniel Tobelem","article_modified_time":"2024-08-26T12:43:03+00:00","og_image":[{"url":"http:\/\/tobelem.fr\/wp-content\/uploads\/2024\/08\/AdobeStock_695718789-1024x1024.jpeg"}],"twitter_card":"summary_large_image","twitter_misc":{"Dur\u00e9e de lecture estim\u00e9e":"1 minute"},"schema":{"@context":"https:\/\/schema.org","@graph":[{"@type":"WebPage","@id":"https:\/\/tobelem.fr\/index.php\/nous-rejoindre\/","url":"https:\/\/tobelem.fr\/index.php\/nous-rejoindre\/","name":"Nous rejoindre - Daniel Tobelem","isPartOf":{"@id":"https:\/\/tobelem.fr\/#website"},"primaryImageOfPage":{"@id":"https:\/\/tobelem.fr\/index.php\/nous-rejoindre\/#primaryimage"},"image":{"@id":"https:\/\/tobelem.fr\/index.php\/nous-rejoindre\/#primaryimage"},"thumbnailUrl":"http:\/\/tobelem.fr\/wp-content\/uploads\/2024\/08\/AdobeStock_695718789-1024x1024.jpeg","datePublished":"2024-08-21T16:49:15+00:00","dateModified":"2024-08-26T12:43:03+00:00","description":"Rejoignez notre \u00e9quipe de professionnels ind\u00e9pendants en gestion de patrimoine. D\u00e9couvrez une carri\u00e8re riche en relations humaines et d\u00e9veloppez votre ind\u00e9pendance financi\u00e8re en aidant les familles \u00e0 atteindre leurs objectifs de vie","breadcrumb":{"@id":"https:\/\/tobelem.fr\/index.php\/nous-rejoindre\/#breadcrumb"},"inLanguage":"fr-FR","potentialAction":[{"@type":"ReadAction","target":["https:\/\/tobelem.fr\/index.php\/nous-rejoindre\/"]}]},{"@type":"ImageObject","inLanguage":"fr-FR","@id":"https:\/\/tobelem.fr\/index.php\/nous-rejoindre\/#primaryimage","url":"https:\/\/tobelem.fr\/wp-content\/uploads\/2024\/08\/AdobeStock_695718789-scaled.jpeg","contentUrl":"https:\/\/tobelem.fr\/wp-content\/uploads\/2024\/08\/AdobeStock_695718789-scaled.jpeg","width":2560,"height":2560,"caption":"multiethnic business teamwork putting join hands together. Unity and teamwork show by Stack mix of hands with Spirit diversity solidarity team Partner. Joins hands together teamwork meetings empower."},{"@type":"BreadcrumbList","@id":"https:\/\/tobelem.fr\/index.php\/nous-rejoindre\/#breadcrumb","itemListElement":[{"@type":"ListItem","position":1,"name":"Accueil","item":"https:\/\/tobelem.fr\/"},{"@type":"ListItem","position":2,"name":"Nous rejoindre"}]},{"@type":"WebSite","@id":"https:\/\/tobelem.fr\/#website","url":"https:\/\/tobelem.fr\/","name":"Daniel Tobelem","description":"Immobilier, placements, imp\u00f4ts, retraite","publisher":{"@id":"https:\/\/tobelem.fr\/#\/schema\/person\/ffb13f3612cd1a89402342d4a75f265d"},"potentialAction":[{"@type":"SearchAction","target":{"@type":"EntryPoint","urlTemplate":"https:\/\/tobelem.fr\/?s={search_term_string}"},"query-input":{"@type":"PropertyValueSpecification","valueRequired":true,"valueName":"search_term_string"}}],"inLanguage":"fr-FR"},{"@type":["Person","Organization"],"@id":"https:\/\/tobelem.fr\/#\/schema\/person\/ffb13f3612cd1a89402342d4a75f265d","name":"wp_daniel_tobelem","image":{"@type":"ImageObject","inLanguage":"fr-FR","@id":"https:\/\/tobelem.fr\/#\/schema\/person\/image\/","url":"https:\/\/tobelem.fr\/wp-content\/uploads\/2024\/09\/cropped-Logo-ok-noir.png","contentUrl":"https:\/\/tobelem.fr\/wp-content\/uploads\/2024\/09\/cropped-Logo-ok-noir.png","width":200,"height":50,"caption":"wp_daniel_tobelem"},"logo":{"@id":"https:\/\/tobelem.fr\/#\/schema\/person\/image\/"},"sameAs":["http:\/\/tobelem.fr"]}]}},"jetpack_sharing_enabled":true,"_links":{"self":[{"href":"https:\/\/tobelem.fr\/index.php\/wp-json\/wp\/v2\/pages\/1195","targetHints":{"allow":["GET"]}}],"collection":[{"href":"https:\/\/tobelem.fr\/index.php\/wp-json\/wp\/v2\/pages"}],"about":[{"href":"https:\/\/tobelem.fr\/index.php\/wp-json\/wp\/v2\/types\/page"}],"author":[{"embeddable":true,"href":"https:\/\/tobelem.fr\/index.php\/wp-json\/wp\/v2\/users\/1"}],"replies":[{"embeddable":true,"href":"https:\/\/tobelem.fr\/index.php\/wp-json\/wp\/v2\/comments?post=1195"}],"version-history":[{"count":16,"href":"https:\/\/tobelem.fr\/index.php\/wp-json\/wp\/v2\/pages\/1195\/revisions"}],"predecessor-version":[{"id":1255,"href":"https:\/\/tobelem.fr\/index.php\/wp-json\/wp\/v2\/pages\/1195\/revisions\/1255"}],"wp:attachment":[{"href":"https:\/\/tobelem.fr\/index.php\/wp-json\/wp\/v2\/media?parent=1195"}],"curies":[{"name":"wp","href":"https:\/\/api.w.org\/{rel}","templated":true}]}}