{"id":1186,"date":"2024-08-21T14:37:21","date_gmt":"2024-08-21T12:37:21","guid":{"rendered":"http:\/\/tobelem.fr\/?page_id=1186"},"modified":"2025-07-31T15:35:05","modified_gmt":"2025-07-31T13:35:05","slug":"mentions-legales","status":"publish","type":"page","link":"https:\/\/tobelem.fr\/index.php\/mentions-legales\/","title":{"rendered":"Mentions l\u00e9gales"},"content":{"rendered":"\n<h3 class=\"wp-block-heading\">1. \u00c9diteur du site<\/h3>\n\n\n\n<p>Le pr\u00e9sent site est \u00e9dit\u00e9 par :<br><strong>Nom de l&rsquo;entreprise<\/strong> : Daniel Tobelem<br><strong>Si\u00e8ge social<\/strong> : 23 rue d\u2019Edimbourg, 75008 Paris<br><strong>Num\u00e9ro de t\u00e9l\u00e9phone<\/strong> : <a href=\"tel:+33671174144\">+33 6 71 17 41 44<\/a><br><strong>Adresse e-mail<\/strong> : <a href=\"mailto:daniel@tobelem.fr\">daniel@tobelem.fr<\/a><br><strong>Responsable de la publication<\/strong> : Daniel Tobelem<\/p>\n\n\n\n<h3 class=\"wp-block-heading\">2. H\u00e9bergeur du site<\/h3>\n\n\n\n<p>Le site est h\u00e9berg\u00e9 par :<br><strong>Nom de l&rsquo;h\u00e9bergeur<\/strong> : OVH SAS<br><strong>Si\u00e8ge social<\/strong> : 2 rue Kellermann, 59100 Roubaix, France<br><strong>Num\u00e9ro de t\u00e9l\u00e9phone<\/strong> : +33 9 72 10 10 07<br><strong>Adresse e-mail<\/strong> : support@ovh.com<\/p>\n\n\n\n<h3 class=\"wp-block-heading\">3. Propri\u00e9t\u00e9 intellectuelle<\/h3>\n\n\n\n<p>L&rsquo;ensemble des contenus pr\u00e9sents sur ce site (textes, images, vid\u00e9os, etc.) est prot\u00e9g\u00e9 par les lois en vigueur sur la propri\u00e9t\u00e9 intellectuelle et le droit d&rsquo;auteur. Toute reproduction, distribution, modification, adaptation, retransmission ou publication, m\u00eame partielle, de ces diff\u00e9rents \u00e9l\u00e9ments est strictement interdite sans l&rsquo;accord \u00e9crit pr\u00e9alable de <strong>Daniel Tobelem<\/strong>.<\/p>\n\n\n\n<h3 class=\"wp-block-heading\">4. Donn\u00e9es personnelles<\/h3>\n\n\n\n<p><\/p>\n\n\n\n<p>Je suis Daniel TOBELEM responsable des donn\u00e9es personnelles.<\/p>\n\n\n\n<p>Je rappelle ci-dessous mes coordonn\u00e9es&nbsp;:<\/p>\n\n\n\n<p>Daniel TOBELEM 23 rue d\u2019Edimbourg 75008 Paris <a href=\"mailto:daniel@tobelem.fr\">daniel@tobelem.fr<\/a> Tel +336 7117 4144<\/p>\n\n\n\n<p>Les donn\u00e9es personnelles collect\u00e9es via le site sont trait\u00e9es par [Nom de l\u2019\u00e9diteur du site] dans le but de :<\/p>\n\n\n\n<ul class=\"wp-block-list\">\n<li>R\u00e9pondre aux demandes des utilisateurs (formulaire de contact, prise de rendez-vous)<\/li>\n\n\n\n<li>G\u00e9rer la relation client<\/li>\n\n\n\n<li>Proposer des services personnalis\u00e9s<\/li>\n<\/ul>\n\n\n\n<p><strong>Donn\u00e9es collect\u00e9es<\/strong> : [Nom, pr\u00e9nom, e-mail, t\u00e9l\u00e9phone, informations patrimoniales, etc.]<\/p>\n\n\n\n<p><strong>Base l\u00e9gale du traitement<\/strong> :<\/p>\n\n\n\n<ul class=\"wp-block-list\">\n<li>Consentement de l\u2019utilisateur<\/li>\n\n\n\n<li>Ex\u00e9cution d\u2019un contrat (dans le cadre d\u2019une mission de conseil)<\/li>\n\n\n\n<li>Obligation l\u00e9gale (lutte contre le blanchiment, etc.)<\/li>\n<\/ul>\n\n\n\n<p><strong>Dur\u00e9e de conservation<\/strong> : Les donn\u00e9es sont conserv\u00e9es pour une dur\u00e9e de 10 ans \u00e0 compter du dernier contact.<\/p>\n\n\n\n<p><strong>Destinataires<\/strong> : Les donn\u00e9es ne sont pas c\u00e9d\u00e9es \u00e0 des tiers, sauf obligations l\u00e9gales ou sous-traitance (ex : h\u00e9bergeur, outils CRM, etc.)<\/p>\n\n\n\n<p><strong>Droits de l\u2019utilisateur<\/strong> :<br>Vous disposez des droits suivants concernant vos donn\u00e9es :<\/p>\n\n\n\n<ul class=\"wp-block-list\">\n<li>Droit d\u2019acc\u00e8s<\/li>\n\n\n\n<li>Droit de rectification<\/li>\n\n\n\n<li>Droit \u00e0 l\u2019effacement<\/li>\n\n\n\n<li>Droit \u00e0 la limitation du traitement<\/li>\n\n\n\n<li>Droit d\u2019opposition<\/li>\n\n\n\n<li>Droit \u00e0 la portabilit\u00e9<\/li>\n<\/ul>\n\n\n\n<p>Pour exercer ces droits, vous pouvez \u00e9crire \u00e0 : Daniel TOBELEM 23 rue d\u2019Edimbourg 75008 Paris <a href=\"mailto:daniel@tobelem.fr\">daniel@tobelem.fr<\/a><\/p>\n\n\n\n<h3 class=\"wp-block-heading\">5. Cookies<\/h3>\n\n\n\n<p>Le site peut utiliser des cookies pour am\u00e9liorer l&rsquo;exp\u00e9rience de l&rsquo;utilisateur. Les cookies sont de petits fichiers stock\u00e9s sur l&rsquo;ordinateur de l&rsquo;utilisateur qui permettent de collecter des informations sur la navigation. Vous pouvez refuser l&rsquo;installation de cookies en configurant les param\u00e8tres de votre navigateur.<\/p>\n\n\n\n<h3 class=\"wp-block-heading\">6. Limitation de responsabilit\u00e9<\/h3>\n\n\n\n<p>Daniel Tobelem s&rsquo;efforce de fournir sur le site des informations aussi pr\u00e9cises que possible. Cependant, <strong>Daniel Tobelem<\/strong> ne pourra \u00eatre tenu responsable des omissions, des inexactitudes et des carences dans la mise \u00e0 jour, qu&rsquo;elles soient de son fait ou du fait des tiers partenaires qui lui fournissent ces informations.<\/p>\n\n\n\n<h3 class=\"wp-block-heading\">7. Droit applicable<\/h3>\n\n\n\n<p>Les pr\u00e9sentes mentions l\u00e9gales sont r\u00e9gies par le droit fran\u00e7ais. En cas de litige, et apr\u00e8s une tentative de recherche de solution amiable, comp\u00e9tence est attribu\u00e9e aux tribunaux comp\u00e9tents.<\/p>\n\n\n\n<div style=\"height:50px\" aria-hidden=\"true\" class=\"wp-block-spacer\"><\/div>\n","protected":false},"excerpt":{"rendered":"<p>1. \u00c9diteur du site Le pr\u00e9sent site est \u00e9dit\u00e9 par :Nom de l&rsquo;entreprise : Daniel TobelemSi\u00e8ge social : 23 rue d\u2019Edimbourg, 75008 ParisNum\u00e9ro de t\u00e9l\u00e9phone : +33 6 71 17 41 44Adresse e-mail : daniel@tobelem.frResponsable de la publication : Daniel Tobelem 2. H\u00e9bergeur du site Le site est h\u00e9berg\u00e9 par :Nom de l&rsquo;h\u00e9bergeur : OVH&hellip;&nbsp;<a href=\"https:\/\/tobelem.fr\/index.php\/mentions-legales\/\" class=\"\" rel=\"bookmark\">Lire la suite &raquo;<span class=\"screen-reader-text\">Mentions l\u00e9gales<\/span><\/a><\/p>\n","protected":false},"author":1,"featured_media":0,"parent":0,"menu_order":0,"comment_status":"closed","ping_status":"closed","template":"","meta":{"neve_meta_sidebar":"","neve_meta_container":"","neve_meta_enable_content_width":"","neve_meta_content_width":0,"neve_meta_title_alignment":"","neve_meta_author_avatar":"","neve_post_elements_order":"","neve_meta_disable_header":"off","neve_meta_disable_footer":"","neve_meta_disable_title":"off","_themeisle_gutenberg_block_has_review":false,"_ti_tpc_template_sync":false,"_ti_tpc_template_id":"","footnotes":""},"class_list":["post-1186","page","type-page","status-publish","hentry"],"yoast_head":"<!-- This site is optimized with the Yoast SEO plugin v23.7 - https:\/\/yoast.com\/wordpress\/plugins\/seo\/ -->\n<title>Mentions l\u00e9gales - Daniel Tobelem<\/title>\n<meta name=\"description\" content=\"Consultez les mentions l\u00e9gales de notre site de conseil en gestion de patrimoine. Retrouvez ici toutes les informations l\u00e9gales et r\u00e9glementaires relatives \u00e0 notre activit\u00e9 et \u00e0 la protection de vos donn\u00e9es.\" \/>\n<meta name=\"robots\" content=\"index, follow, max-snippet:-1, max-image-preview:large, max-video-preview:-1\" \/>\n<link rel=\"canonical\" href=\"https:\/\/tobelem.fr\/index.php\/mentions-legales\/\" \/>\n<meta property=\"og:locale\" content=\"fr_FR\" \/>\n<meta property=\"og:type\" content=\"article\" \/>\n<meta property=\"og:title\" content=\"Mentions l\u00e9gales - Daniel Tobelem\" \/>\n<meta property=\"og:description\" content=\"Consultez les mentions l\u00e9gales de notre site de conseil en gestion de patrimoine. Retrouvez ici toutes les informations l\u00e9gales et r\u00e9glementaires relatives \u00e0 notre activit\u00e9 et \u00e0 la protection de vos donn\u00e9es.\" \/>\n<meta property=\"og:url\" content=\"https:\/\/tobelem.fr\/index.php\/mentions-legales\/\" \/>\n<meta property=\"og:site_name\" content=\"Daniel Tobelem\" \/>\n<meta property=\"article:modified_time\" content=\"2025-07-31T13:35:05+00:00\" \/>\n<meta name=\"twitter:card\" content=\"summary_large_image\" \/>\n<meta name=\"twitter:label1\" content=\"Dur\u00e9e de lecture estim\u00e9e\" \/>\n\t<meta name=\"twitter:data1\" content=\"3 minutes\" \/>\n<script type=\"application\/ld+json\" class=\"yoast-schema-graph\">{\"@context\":\"https:\/\/schema.org\",\"@graph\":[{\"@type\":\"WebPage\",\"@id\":\"https:\/\/tobelem.fr\/index.php\/mentions-legales\/\",\"url\":\"https:\/\/tobelem.fr\/index.php\/mentions-legales\/\",\"name\":\"Mentions l\u00e9gales - Daniel Tobelem\",\"isPartOf\":{\"@id\":\"https:\/\/tobelem.fr\/#website\"},\"datePublished\":\"2024-08-21T12:37:21+00:00\",\"dateModified\":\"2025-07-31T13:35:05+00:00\",\"description\":\"Consultez les mentions l\u00e9gales de notre site de conseil en gestion de patrimoine. Retrouvez ici toutes les informations l\u00e9gales et r\u00e9glementaires relatives \u00e0 notre activit\u00e9 et \u00e0 la protection de vos donn\u00e9es.\",\"breadcrumb\":{\"@id\":\"https:\/\/tobelem.fr\/index.php\/mentions-legales\/#breadcrumb\"},\"inLanguage\":\"fr-FR\",\"potentialAction\":[{\"@type\":\"ReadAction\",\"target\":[\"https:\/\/tobelem.fr\/index.php\/mentions-legales\/\"]}]},{\"@type\":\"BreadcrumbList\",\"@id\":\"https:\/\/tobelem.fr\/index.php\/mentions-legales\/#breadcrumb\",\"itemListElement\":[{\"@type\":\"ListItem\",\"position\":1,\"name\":\"Accueil\",\"item\":\"https:\/\/tobelem.fr\/\"},{\"@type\":\"ListItem\",\"position\":2,\"name\":\"Mentions l\u00e9gales\"}]},{\"@type\":\"WebSite\",\"@id\":\"https:\/\/tobelem.fr\/#website\",\"url\":\"https:\/\/tobelem.fr\/\",\"name\":\"Daniel Tobelem\",\"description\":\"Immobilier, placements, imp\u00f4ts, retraite\",\"publisher\":{\"@id\":\"https:\/\/tobelem.fr\/#\/schema\/person\/ffb13f3612cd1a89402342d4a75f265d\"},\"potentialAction\":[{\"@type\":\"SearchAction\",\"target\":{\"@type\":\"EntryPoint\",\"urlTemplate\":\"https:\/\/tobelem.fr\/?s={search_term_string}\"},\"query-input\":{\"@type\":\"PropertyValueSpecification\",\"valueRequired\":true,\"valueName\":\"search_term_string\"}}],\"inLanguage\":\"fr-FR\"},{\"@type\":[\"Person\",\"Organization\"],\"@id\":\"https:\/\/tobelem.fr\/#\/schema\/person\/ffb13f3612cd1a89402342d4a75f265d\",\"name\":\"wp_daniel_tobelem\",\"image\":{\"@type\":\"ImageObject\",\"inLanguage\":\"fr-FR\",\"@id\":\"https:\/\/tobelem.fr\/#\/schema\/person\/image\/\",\"url\":\"https:\/\/tobelem.fr\/wp-content\/uploads\/2024\/09\/cropped-Logo-ok-noir.png\",\"contentUrl\":\"https:\/\/tobelem.fr\/wp-content\/uploads\/2024\/09\/cropped-Logo-ok-noir.png\",\"width\":200,\"height\":50,\"caption\":\"wp_daniel_tobelem\"},\"logo\":{\"@id\":\"https:\/\/tobelem.fr\/#\/schema\/person\/image\/\"},\"sameAs\":[\"http:\/\/tobelem.fr\"]}]}<\/script>\n<!-- \/ Yoast SEO plugin. -->","yoast_head_json":{"title":"Mentions l\u00e9gales - Daniel Tobelem","description":"Consultez les mentions l\u00e9gales de notre site de conseil en gestion de patrimoine. Retrouvez ici toutes les informations l\u00e9gales et r\u00e9glementaires relatives \u00e0 notre activit\u00e9 et \u00e0 la protection de vos donn\u00e9es.","robots":{"index":"index","follow":"follow","max-snippet":"max-snippet:-1","max-image-preview":"max-image-preview:large","max-video-preview":"max-video-preview:-1"},"canonical":"https:\/\/tobelem.fr\/index.php\/mentions-legales\/","og_locale":"fr_FR","og_type":"article","og_title":"Mentions l\u00e9gales - Daniel Tobelem","og_description":"Consultez les mentions l\u00e9gales de notre site de conseil en gestion de patrimoine. Retrouvez ici toutes les informations l\u00e9gales et r\u00e9glementaires relatives \u00e0 notre activit\u00e9 et \u00e0 la protection de vos donn\u00e9es.","og_url":"https:\/\/tobelem.fr\/index.php\/mentions-legales\/","og_site_name":"Daniel Tobelem","article_modified_time":"2025-07-31T13:35:05+00:00","twitter_card":"summary_large_image","twitter_misc":{"Dur\u00e9e de lecture estim\u00e9e":"3 minutes"},"schema":{"@context":"https:\/\/schema.org","@graph":[{"@type":"WebPage","@id":"https:\/\/tobelem.fr\/index.php\/mentions-legales\/","url":"https:\/\/tobelem.fr\/index.php\/mentions-legales\/","name":"Mentions l\u00e9gales - Daniel Tobelem","isPartOf":{"@id":"https:\/\/tobelem.fr\/#website"},"datePublished":"2024-08-21T12:37:21+00:00","dateModified":"2025-07-31T13:35:05+00:00","description":"Consultez les mentions l\u00e9gales de notre site de conseil en gestion de patrimoine. Retrouvez ici toutes les informations l\u00e9gales et r\u00e9glementaires relatives \u00e0 notre activit\u00e9 et \u00e0 la protection de vos donn\u00e9es.","breadcrumb":{"@id":"https:\/\/tobelem.fr\/index.php\/mentions-legales\/#breadcrumb"},"inLanguage":"fr-FR","potentialAction":[{"@type":"ReadAction","target":["https:\/\/tobelem.fr\/index.php\/mentions-legales\/"]}]},{"@type":"BreadcrumbList","@id":"https:\/\/tobelem.fr\/index.php\/mentions-legales\/#breadcrumb","itemListElement":[{"@type":"ListItem","position":1,"name":"Accueil","item":"https:\/\/tobelem.fr\/"},{"@type":"ListItem","position":2,"name":"Mentions l\u00e9gales"}]},{"@type":"WebSite","@id":"https:\/\/tobelem.fr\/#website","url":"https:\/\/tobelem.fr\/","name":"Daniel Tobelem","description":"Immobilier, placements, imp\u00f4ts, retraite","publisher":{"@id":"https:\/\/tobelem.fr\/#\/schema\/person\/ffb13f3612cd1a89402342d4a75f265d"},"potentialAction":[{"@type":"SearchAction","target":{"@type":"EntryPoint","urlTemplate":"https:\/\/tobelem.fr\/?s={search_term_string}"},"query-input":{"@type":"PropertyValueSpecification","valueRequired":true,"valueName":"search_term_string"}}],"inLanguage":"fr-FR"},{"@type":["Person","Organization"],"@id":"https:\/\/tobelem.fr\/#\/schema\/person\/ffb13f3612cd1a89402342d4a75f265d","name":"wp_daniel_tobelem","image":{"@type":"ImageObject","inLanguage":"fr-FR","@id":"https:\/\/tobelem.fr\/#\/schema\/person\/image\/","url":"https:\/\/tobelem.fr\/wp-content\/uploads\/2024\/09\/cropped-Logo-ok-noir.png","contentUrl":"https:\/\/tobelem.fr\/wp-content\/uploads\/2024\/09\/cropped-Logo-ok-noir.png","width":200,"height":50,"caption":"wp_daniel_tobelem"},"logo":{"@id":"https:\/\/tobelem.fr\/#\/schema\/person\/image\/"},"sameAs":["http:\/\/tobelem.fr"]}]}},"jetpack_sharing_enabled":true,"_links":{"self":[{"href":"https:\/\/tobelem.fr\/index.php\/wp-json\/wp\/v2\/pages\/1186","targetHints":{"allow":["GET"]}}],"collection":[{"href":"https:\/\/tobelem.fr\/index.php\/wp-json\/wp\/v2\/pages"}],"about":[{"href":"https:\/\/tobelem.fr\/index.php\/wp-json\/wp\/v2\/types\/page"}],"author":[{"embeddable":true,"href":"https:\/\/tobelem.fr\/index.php\/wp-json\/wp\/v2\/users\/1"}],"replies":[{"embeddable":true,"href":"https:\/\/tobelem.fr\/index.php\/wp-json\/wp\/v2\/comments?post=1186"}],"version-history":[{"count":5,"href":"https:\/\/tobelem.fr\/index.php\/wp-json\/wp\/v2\/pages\/1186\/revisions"}],"predecessor-version":[{"id":1441,"href":"https:\/\/tobelem.fr\/index.php\/wp-json\/wp\/v2\/pages\/1186\/revisions\/1441"}],"wp:attachment":[{"href":"https:\/\/tobelem.fr\/index.php\/wp-json\/wp\/v2\/media?parent=1186"}],"curies":[{"name":"wp","href":"https:\/\/api.w.org\/{rel}","templated":true}]}}